{"id":223,"date":"2024-02-12T18:31:27","date_gmt":"2024-02-12T17:31:27","guid":{"rendered":"https:\/\/solarxbike.se\/labbet\/code-snippets\/?page_id=223"},"modified":"2024-02-13T14:14:53","modified_gmt":"2024-02-13T13:14:53","slug":"zendesk-vyer","status":"publish","type":"page","link":"https:\/\/solarxbike.se\/labbet\/code-snippets\/beskrivning\/zendesk-vyer\/","title":{"rendered":"Zendesk vyer"},"content":{"rendered":"<p>K\u00e4lla: Zendesk | Postman | <a href=\"https:\/\/solarxbike.postman.co\/workspace\/solarX-Workspace~6caecb00-44f0-4b0d-88e8-3d04716d72a1\/request\/1187205-f24727b6-d707-48c8-8854-ec15b330ad28?tab=tests\">List views<\/a> | <span class=\"resolvedVariable\" spellcheck=\"false\" data-testid=\"resolvedVariable\"><span data-offset-key=\"1tvj2-0-0\">{{baseUrl}}<\/span><\/span><span data-offset-key=\"1tvj2-1-0\">\/api\/v2\/views?access=shared&amp;active=true&amp;sort_by=created_at&amp;sort_order=desc<\/span><\/p>\n<hr \/>\n<p><strong>Notera!<\/strong> nedanst\u00e5ende tabell \u00e4r inte sorterad enligt query<\/p>\n<table class=\"tftable\" border=\"1\">\n<tbody>\n<tr>\n<th>ID<\/th>\n<th>Title<\/th>\n<th>Active<\/th>\n<th>Created At<\/th>\n<\/tr>\n<tr>\n<td>93816<\/td>\n<td>Labbet<\/td>\n<td>true<\/td>\n<td>2008-07-18T07:01:04Z<\/td>\n<\/tr>\n<tr>\n<td>114093982812<\/td>\n<td>Cykelkultur<\/td>\n<td>true<\/td>\n<td>2016-11-11T11:02:03Z<\/td>\n<\/tr>\n<tr>\n<td>360056964620<\/td>\n<td>Utvecklingsavdelningen<\/td>\n<td>true<\/td>\n<td>2020-10-24T04:01:30Z<\/td>\n<\/tr>\n<tr>\n<td>360056964640<\/td>\n<td>Aktuella uppgifter<\/td>\n<td>true<\/td>\n<td>2020-10-24T04:01:30Z<\/td>\n<\/tr>\n<tr>\n<td>360056964660<\/td>\n<td>Bj\u00f6rkhimlen labb<\/td>\n<td>true<\/td>\n<td>2020-10-24T04:01:30Z<\/td>\n<\/tr>\n<tr>\n<td>360056964520<\/td>\n<td>Dina ol\u00f6sta \u00e4renden<\/td>\n<td>true<\/td>\n<td>2020-10-24T04:01:30Z<\/td>\n<\/tr>\n<tr>\n<td>360056964540<\/td>\n<td>Nyligen l\u00f6sta \u00e4renden<\/td>\n<td>true<\/td>\n<td>2020-10-24T04:01:30Z<\/td>\n<\/tr>\n<tr>\n<td>360056964560<\/td>\n<td>Alla ol\u00f6sta \u00e4renden<\/td>\n<td>true<\/td>\n<td>2020-10-24T04:01:30Z<\/td>\n<\/tr>\n<tr>\n<td>360056964600<\/td>\n<td>Nyligen uppdaterade \u00e4renden<\/td>\n<td>true<\/td>\n<td>2020-10-24T04:01:30Z<\/td>\n<\/tr>\n<\/tbody>\n<\/table>\n","protected":false},"excerpt":{"rendered":"<p>K\u00e4lla: Zendesk | Postman | List views | {{baseUrl}}\/api\/v2\/views?access=shared&amp;active=true&amp;sort_by=created_at&amp;sort_order=desc Notera! nedanst\u00e5ende tabell \u00e4r inte sorterad enligt query ID Title Active Created At 93816 Labbet true 2008-07-18T07:01:04Z 114093982812 Cykelkultur true 2016-11-11T11:02:03Z 360056964620 Utvecklingsavdelningen true 2020-10-24T04:01:30Z 360056964640 Aktuella uppgifter true 2020-10-24T04:01:30Z 360056964660 Bj\u00f6rkhimlen labb true 2020-10-24T04:01:30Z 360056964520 Dina ol\u00f6sta \u00e4renden true 2020-10-24T04:01:30Z 360056964540 Nyligen l\u00f6sta \u00e4renden true &#8230; <a title=\"Zendesk vyer\" class=\"read-more\" href=\"https:\/\/solarxbike.se\/labbet\/code-snippets\/beskrivning\/zendesk-vyer\/\" aria-label=\"L\u00e4s mer om Zendesk vyer\">L\u00e4s mer<\/a><\/p>\n","protected":false},"author":1,"featured_media":0,"parent":2,"menu_order":0,"comment_status":"closed","ping_status":"closed","template":"","meta":{"footnotes":""},"class_list":["post-223","page","type-page","status-publish"],"_links":{"self":[{"href":"https:\/\/solarxbike.se\/labbet\/code-snippets\/wp-json\/wp\/v2\/pages\/223","targetHints":{"allow":["GET"]}}],"collection":[{"href":"https:\/\/solarxbike.se\/labbet\/code-snippets\/wp-json\/wp\/v2\/pages"}],"about":[{"href":"https:\/\/solarxbike.se\/labbet\/code-snippets\/wp-json\/wp\/v2\/types\/page"}],"author":[{"embeddable":true,"href":"https:\/\/solarxbike.se\/labbet\/code-snippets\/wp-json\/wp\/v2\/users\/1"}],"replies":[{"embeddable":true,"href":"https:\/\/solarxbike.se\/labbet\/code-snippets\/wp-json\/wp\/v2\/comments?post=223"}],"version-history":[{"count":5,"href":"https:\/\/solarxbike.se\/labbet\/code-snippets\/wp-json\/wp\/v2\/pages\/223\/revisions"}],"predecessor-version":[{"id":256,"href":"https:\/\/solarxbike.se\/labbet\/code-snippets\/wp-json\/wp\/v2\/pages\/223\/revisions\/256"}],"up":[{"embeddable":true,"href":"https:\/\/solarxbike.se\/labbet\/code-snippets\/wp-json\/wp\/v2\/pages\/2"}],"wp:attachment":[{"href":"https:\/\/solarxbike.se\/labbet\/code-snippets\/wp-json\/wp\/v2\/media?parent=223"}],"curies":[{"name":"wp","href":"https:\/\/api.w.org\/{rel}","templated":true}]}}