{"id":60,"date":"2025-05-27T13:29:44","date_gmt":"2025-05-27T11:29:44","guid":{"rendered":"https:\/\/solarxbike.se\/labbet\/webfinger\/?page_id=60"},"modified":"2025-06-12T21:09:03","modified_gmt":"2025-06-12T19:09:03","slug":"logga-in-oidc","status":"publish","type":"page","link":"https:\/\/solarxbike.se\/labbet\/digitalid\/logga-in-oidc\/","title":{"rendered":"Logga In OIDC"},"content":{"rendered":"\n<p>M\u00e5let \u00e4r att kunna logga in p\u00e5 en wordpress site, och anv\u00e4nda Freja f\u00f6r att verifiera och validera identitet.<\/p>\n\n\n\n<p><code><div class=\"openid-connect-login-button\" style=\"margin: 1em 0; text-align: center;\">\n\t<a class=\"button button-large\" href=\"https:\/\/oidc-ct.test.frejaeid.com\/oidc\/authorize?response_type=code&scope=Authentication%20Signing%20Organizational_ID%20Temporary_Device&client_id=oidc-jidoka&state=9de4acd4451596fe1e1486edeea619ba&redirect_uri=https%3A%2F%2Fsolarxbike.se%2Flabbet%2Fdigitalid%2Fwp-admin%2Fadmin-ajax.php%3Faction%3Dopenid-connect-authorize\">Login with OpenID Connect<\/a>\n<\/div><\/code><\/p>\n\n\n\n<p><strong>Authentication URL Shortcode<\/strong>\u00a0<\/p>\n\n\n\n<p><code>https:\/\/oidc-ct.test.frejaeid.com\/oidc\/authorize?response_type=code&scope=Authentication%20Signing%20Organizational_ID%20Temporary_Device&client_id=oidc-jidoka&state=a0e1e61b92fd9655b21ab3e274d1d07f&redirect_uri=https%3A%2F%2Fsolarxbike.se%2Flabbet%2Fdigitalid%2Fwp-admin%2Fadmin-ajax.php%3Faction%3Dopenid-connect-authorize<\/code><\/p>\n\n\n\n<figure class=\"wp-block-embed is-type-wp-embed is-provider-webid-036-03-freja-testmilj wp-block-embed-webid-036-03-freja-testmilj\"><div class=\"wp-block-embed__wrapper\">\n<blockquote class=\"wp-embedded-content\" data-secret=\"LIPI4Fsx3u\"><a href=\"https:\/\/solarxbike.se\/labbet\/digitalid\/2025\/05\/27\/oidc-openid\/\">OIDC &#8211; OpenID<\/a><\/blockquote><iframe loading=\"lazy\" class=\"wp-embedded-content\" sandbox=\"allow-scripts\" security=\"restricted\" style=\"position: absolute; visibility: hidden;\" title=\"\u201dOIDC &#8211; OpenID\u201d &ndash; WebID #036 \u2013 03 Freja Testmilj\u00f6\" src=\"https:\/\/solarxbike.se\/labbet\/digitalid\/2025\/05\/27\/oidc-openid\/embed\/#?secret=H8bOTFQofn#?secret=LIPI4Fsx3u\" data-secret=\"LIPI4Fsx3u\" width=\"600\" height=\"338\" frameborder=\"0\" marginwidth=\"0\" marginheight=\"0\" scrolling=\"no\"><\/iframe>\n<\/div><\/figure>\n","protected":false},"excerpt":{"rendered":"<p>M\u00e5let \u00e4r att kunna logga in p\u00e5 en wordpress site, och anv\u00e4nda Freja f\u00f6r att verifiera och validera identitet. Authentication URL Shortcode\u00a0<\/p>\n","protected":false},"author":1,"featured_media":0,"parent":0,"menu_order":0,"comment_status":"closed","ping_status":"closed","template":"","meta":{"footnotes":""},"class_list":["post-60","page","type-page","status-publish"],"jetpack_sharing_enabled":true,"_links":{"self":[{"href":"https:\/\/solarxbike.se\/labbet\/digitalid\/wp-json\/wp\/v2\/pages\/60","targetHints":{"allow":["GET"]}}],"collection":[{"href":"https:\/\/solarxbike.se\/labbet\/digitalid\/wp-json\/wp\/v2\/pages"}],"about":[{"href":"https:\/\/solarxbike.se\/labbet\/digitalid\/wp-json\/wp\/v2\/types\/page"}],"author":[{"embeddable":true,"href":"https:\/\/solarxbike.se\/labbet\/digitalid\/wp-json\/wp\/v2\/users\/1"}],"replies":[{"embeddable":true,"href":"https:\/\/solarxbike.se\/labbet\/digitalid\/wp-json\/wp\/v2\/comments?post=60"}],"version-history":[{"count":2,"href":"https:\/\/solarxbike.se\/labbet\/digitalid\/wp-json\/wp\/v2\/pages\/60\/revisions"}],"predecessor-version":[{"id":300,"href":"https:\/\/solarxbike.se\/labbet\/digitalid\/wp-json\/wp\/v2\/pages\/60\/revisions\/300"}],"wp:attachment":[{"href":"https:\/\/solarxbike.se\/labbet\/digitalid\/wp-json\/wp\/v2\/media?parent=60"}],"curies":[{"name":"wp","href":"https:\/\/api.w.org\/{rel}","templated":true}]}}