{"id":61,"date":"2024-02-24T08:38:38","date_gmt":"2024-02-24T07:38:38","guid":{"rendered":"https:\/\/solarxbike.se\/labbet\/pwa\/?page_id=61"},"modified":"2024-05-06T17:47:49","modified_gmt":"2024-05-06T15:47:49","slug":"prislista","status":"publish","type":"page","link":"https:\/\/solarxbike.se\/labbet\/pwa\/prislista\/","title":{"rendered":"Prislista"},"content":{"rendered":"\n<p>Arbete genom Jidoka Innovation AB genomf\u00f6rs som en systemaktivitet i Pandos plattformen.<\/p>\n\n\n\n<p>Arbete utf\u00f6rs i projektform vilket inneb\u00e4r att en projektbeskrivning m\u00e5ste bifogas varje arbetsorder. Projektet f\u00e5r ett projektnummer som anv\u00e4nds som referens i olika delsystem<\/p>\n\n\n\n<ol class=\"wp-block-list\">\n<li>PES konsult (70\/30) 1000:- \/h<\/li>\n\n\n\n<li>Plattformskonsult 500:- \/h<\/li>\n\n\n\n<li>Medlemskap: 365:- \/\u00e5r<\/li>\n\n\n\n<li>Insats deposition 1500:-<\/li>\n\n\n\n<li>Federation 375:- \/h<\/li>\n<\/ol>\n","protected":false},"excerpt":{"rendered":"<p>Arbete genom Jidoka Innovation AB genomf\u00f6rs som en systemaktivitet i Pandos plattformen. Arbete utf\u00f6rs i projektform vilket inneb\u00e4r att en projektbeskrivning m\u00e5ste bifogas varje arbetsorder. Projektet f\u00e5r ett projektnummer som anv\u00e4nds som referens i olika delsystem<\/p>\n","protected":false},"author":1,"featured_media":0,"parent":0,"menu_order":0,"comment_status":"closed","ping_status":"closed","template":"","meta":{"footnotes":""},"class_list":["post-61","page","type-page","status-publish","hentry"],"_links":{"self":[{"href":"https:\/\/solarxbike.se\/labbet\/pwa\/wp-json\/wp\/v2\/pages\/61","targetHints":{"allow":["GET"]}}],"collection":[{"href":"https:\/\/solarxbike.se\/labbet\/pwa\/wp-json\/wp\/v2\/pages"}],"about":[{"href":"https:\/\/solarxbike.se\/labbet\/pwa\/wp-json\/wp\/v2\/types\/page"}],"author":[{"embeddable":true,"href":"https:\/\/solarxbike.se\/labbet\/pwa\/wp-json\/wp\/v2\/users\/1"}],"replies":[{"embeddable":true,"href":"https:\/\/solarxbike.se\/labbet\/pwa\/wp-json\/wp\/v2\/comments?post=61"}],"version-history":[{"count":5,"href":"https:\/\/solarxbike.se\/labbet\/pwa\/wp-json\/wp\/v2\/pages\/61\/revisions"}],"predecessor-version":[{"id":133,"href":"https:\/\/solarxbike.se\/labbet\/pwa\/wp-json\/wp\/v2\/pages\/61\/revisions\/133"}],"wp:attachment":[{"href":"https:\/\/solarxbike.se\/labbet\/pwa\/wp-json\/wp\/v2\/media?parent=61"}],"curies":[{"name":"wp","href":"https:\/\/api.w.org\/{rel}","templated":true}]}}