{"id":137,"date":"2024-02-16T11:15:58","date_gmt":"2024-02-16T11:15:58","guid":{"rendered":"https:\/\/solarxbike.se\/labbet\/?page_id=137"},"modified":"2025-05-06T12:35:29","modified_gmt":"2025-05-06T12:35:29","slug":"trl","status":"publish","type":"page","link":"https:\/\/solarxbike.se\/labbet\/trl\/","title":{"rendered":"TRL"},"content":{"rendered":"\r\n<pre class=\"wp-block-preformatted\"><strong>K\u00e4lla<\/strong>: <a href=\"https:\/\/www.youtube.com\/watch?v=Fbsv3Phk2Q4\">RISE<\/a> | <a href=\"https:\/\/www.linkedin.com\/pulse\/technology-readiness-level-trl-agritech-food-tech-b-gopalakrishnan\/\" target=\"_blank\" rel=\"noreferrer noopener\">LinkedIn<\/a> | <a href=\"https:\/\/en.wikipedia.org\/wiki\/Technology_readiness_level\">Wikipedia <\/a>|<\/pre>\r\n<hr \/>\r\n\r\n\r\n<figure class=\"wp-block-embed is-type-video is-provider-youtube wp-block-embed-youtube wp-embed-aspect-16-9 wp-has-aspect-ratio\">\r\n<div>\r\n<h2>\u00a0<\/h2>\r\n<table class=\"wikitable\">\r\n<tbody>\r\n<tr>\r\n<th>TRL<\/th>\r\n<th><b>Ursprunglig definition<\/b><sup id=\"cite_ref-1\" class=\"reference\"><a href=\"https:\/\/sv.wikipedia.org\/wiki\/Technology_Readiness_Level#cite_note-1\"><span class=\"cite-reference-link-bracket\">[<\/span>1<span class=\"cite-reference-link-bracket\">]<\/span><\/a><\/sup><\/th>\r\n<th>! NASAs nuvarande<sup id=\"cite_ref-2\" class=\"reference\"><a href=\"https:\/\/sv.wikipedia.org\/wiki\/Technology_Readiness_Level#cite_note-2\"><span class=\"cite-reference-link-bracket\">[<\/span>2<span class=\"cite-reference-link-bracket\">]<\/span><\/a><\/sup><\/th>\r\n<th>Europeiska Unionens<sup id=\"cite_ref-3\" class=\"reference\"><a href=\"https:\/\/sv.wikipedia.org\/wiki\/Technology_Readiness_Level#cite_note-3\"><span class=\"cite-reference-link-bracket\">[<\/span>3<span class=\"cite-reference-link-bracket\">]<\/span><\/a><\/sup><\/th>\r\n<\/tr>\r\n<tr>\r\n<td style=\"text-align: center;\"><strong>1<\/strong><\/td>\r\n<td>Grundl\u00e4ggande principer observerade och noterade.<\/td>\r\n<td>Grundl\u00e4ggande principer observerade och noterade.<\/td>\r\n<td>Grundl\u00e4ggande principer observerade.<\/td>\r\n<\/tr>\r\n<tr>\r\n<td style=\"background-color: #ffe100; border-color: #000000; text-align: center;\"><strong>2<\/strong><\/td>\r\n<td>M\u00f6jliga till\u00e4mpningar bekr\u00e4ftade.<\/td>\r\n<td>Teknologiskt koncept eller till\u00e4mpning beskriven.<\/td>\r\n<td>Teknologiskt koncept beskrivet.<\/td>\r\n<\/tr>\r\n<tr>\r\n<td style=\"background-color: #fa7f05; border-color: #000000; text-align: center;\"><strong>3<\/strong><\/td>\r\n<td>Demonstration genomf\u00f6rd, analytiskt eller exerimentellt.<\/td>\r\n<td>Analytisk och expreimentell konceptutv\u00e4rdering av vitala funktioner och\/eller karat\u00e4ristiska egenskaper.<\/td>\r\n<td>Experimentell till\u00e4mpning pr\u00f6vad.<\/td>\r\n<\/tr>\r\n<tr>\r\n<td style=\"background-color: #24e32e; border-color: #000000; text-align: center;\">4<\/td>\r\n<td>Komponent och\/eller\u00a0<a title=\"Kopplingsd\u00e4ck\" href=\"https:\/\/sv.wikipedia.org\/wiki\/Kopplingsd%C3%A4ck\">Kopplingsd\u00e4ck<\/a>\u00a0laboratorietestat.<\/td>\r\n<td>Komponent och\/eller kopplingsd\u00e4ck utprovat i laboratorium.<\/td>\r\n<td>Tekniken validerad i laboratorium.<\/td>\r\n<\/tr>\r\n<tr>\r\n<td style=\"background-color: #0594fa; border-color: #000000; text-align: center;\"><span style=\"color: #ffffff;\"><strong>5<\/strong><\/span><\/td>\r\n<td>Komponent och\/eller\u00a0<a title=\"Kopplingsd\u00e4ck\" href=\"https:\/\/sv.wikipedia.org\/wiki\/Kopplingsd%C3%A4ck\">Kopplingsd\u00e4ck<\/a>\u00a0utprovad i simulerad eller verklig rymdmilj\u00f6.<\/td>\r\n<td>Komponent och\/eller kopplingsd\u00e4ck utprovat i relevant milj\u00f6.<\/td>\r\n<td>Tekniken utprovad och bekr\u00e4ftad i relevant (industri)milj\u00f6.<\/td>\r\n<\/tr>\r\n<tr>\r\n<td style=\"background-color: #c202f7; border-color: #000000; text-align: center;\"><strong><span style=\"color: #ffffff;\">6<\/span><\/strong><\/td>\r\n<td>Systemet utprovat i simulerade rymdf\u00f6rh\u00e5llanden.<\/td>\r\n<td>Modell eller prototyp av (under)system f\u00f6revisat i relevant milj\u00f6 (Jorden eller rymden).<\/td>\r\n<td>Tekniken uppvisad i relevant (industri)milj\u00f6.<\/td>\r\n<\/tr>\r\n<tr>\r\n<td style=\"background-color: #824300; border-color: #050505; text-align: center;\"><strong><span style=\"color: #ffffff;\">7<\/span><\/strong><\/td>\r\n<td>Systemet utprovat i verkliga rymdf\u00f6rh\u00e5llanden.<\/td>\r\n<td>Systemprototyp f\u00f6revisad i rymdmilj\u00f6.<\/td>\r\n<td>Systemprototyp uppvisad i avsedd milj\u00f6.<\/td>\r\n<\/tr>\r\n<tr>\r\n<td style=\"text-align: center; background-color: #030303; border-color: #fcfcfc;\"><span style=\"color: #ffffff;\">8<\/span><\/td>\r\n<td>&#8211;<\/td>\r\n<td>F\u00e4rdigt system f\u00e4rdigt och godk\u00e4nt genom tester och uppvisningar. (Jorden eller rymden).<\/td>\r\n<td>Systemet komplett och utv\u00e4rderat.<\/td>\r\n<\/tr>\r\n<tr>\r\n<td style=\"text-align: center; background-color: #030303; border-color: #fcfcfc;\"><span style=\"color: #ffffff;\">9<\/span><\/td>\r\n<td>&#8211;<\/td>\r\n<td>F\u00e4rdigt system bevisat genom framg\u00e5ngsrik anv\u00e4ndning i verkligt uppdrag.<\/td>\r\n<td>Systemet anv\u00e4nt i verkliga f\u00f6rh\u00e5llanden (industriteknik i konkurrens med andra f\u00f6retag, eller i rymden) och befunnet adekvat.<\/td>\r\n<\/tr>\r\n<\/tbody>\r\n<\/table>\r\n<\/div>\r\n<div class=\"wp-block-embed__wrapper\">https:\/\/www.youtube.com\/watch?v=Fbsv3Phk2Q4<\/div>\r\n<\/figure>\r\n\r\n\r\n\r\n<figure class=\"wp-block-image size-full\"><a href=\"https:\/\/i0.wp.com\/s3.eu-north-1.amazonaws.com\/solarxbike.se-labbet\/wp-content\/uploads\/2024\/02\/16112340\/roadmap.png?ssl=1\"><img data-recalc-dims=\"1\" loading=\"lazy\" decoding=\"async\" class=\"aligncenter wp-image-145\" src=\"https:\/\/i0.wp.com\/s3.eu-north-1.amazonaws.com\/solarxbike.se-labbet\/wp-content\/uploads\/2024\/02\/16112340\/roadmap.png?resize=801%2C450&#038;ssl=1\" alt=\"\" width=\"801\" height=\"450\" srcset=\"https:\/\/s3.eu-north-1.amazonaws.com\/solarxbike.se-labbet\/wp-content\/uploads\/2024\/02\/16112340\/roadmap.png 602w, https:\/\/s3.eu-north-1.amazonaws.com\/solarxbike.se-labbet\/wp-content\/uploads\/2024\/02\/16112340\/roadmap.png 300w\" sizes=\"auto, (max-width: 801px) 100vw, 801px\" \/><\/a><\/figure>\r\n\r\n\r\n\r\n<p>Vilken teknologi?<\/p>\r\n\r\n\r\n\r\n<p>Vilken applikation?<\/p>\r\n\r\n\r\n\r\n<p>Vilka krav?<\/p>\r\n","protected":false},"excerpt":{"rendered":"<p>K\u00e4lla: RISE | LinkedIn | Wikipedia | Vilken teknologi? Vilken applikation? Vilka krav?<\/p>\n","protected":false},"author":1,"featured_media":138,"parent":0,"menu_order":0,"comment_status":"closed","ping_status":"closed","template":"","meta":{"footnotes":""},"class_list":["post-137","page","type-page","status-publish","has-post-thumbnail","hentry"],"jetpack_sharing_enabled":true,"_links":{"self":[{"href":"https:\/\/solarxbike.se\/labbet\/wp-json\/wp\/v2\/pages\/137","targetHints":{"allow":["GET"]}}],"collection":[{"href":"https:\/\/solarxbike.se\/labbet\/wp-json\/wp\/v2\/pages"}],"about":[{"href":"https:\/\/solarxbike.se\/labbet\/wp-json\/wp\/v2\/types\/page"}],"author":[{"embeddable":true,"href":"https:\/\/solarxbike.se\/labbet\/wp-json\/wp\/v2\/users\/1"}],"replies":[{"embeddable":true,"href":"https:\/\/solarxbike.se\/labbet\/wp-json\/wp\/v2\/comments?post=137"}],"version-history":[{"count":9,"href":"https:\/\/solarxbike.se\/labbet\/wp-json\/wp\/v2\/pages\/137\/revisions"}],"predecessor-version":[{"id":278,"href":"https:\/\/solarxbike.se\/labbet\/wp-json\/wp\/v2\/pages\/137\/revisions\/278"}],"wp:featuredmedia":[{"embeddable":true,"href":"https:\/\/solarxbike.se\/labbet\/wp-json\/wp\/v2\/media\/138"}],"wp:attachment":[{"href":"https:\/\/solarxbike.se\/labbet\/wp-json\/wp\/v2\/media?parent=137"}],"curies":[{"name":"wp","href":"https:\/\/api.w.org\/{rel}","templated":true}]}}