



{"id":2,"date":"2024-03-06T17:42:34","date_gmt":"2024-03-06T16:42:34","guid":{"rendered":"https:\/\/solarxbike.se\/labbet\/zon4\/?page_id=2"},"modified":"2024-07-12T09:18:20","modified_gmt":"2024-07-12T07:18:20","slug":"exempelsida","status":"publish","type":"page","link":"https:\/\/solarxbike.se\/labbet\/zon4\/exempelsida\/","title":{"rendered":"Matverkstan  &#8211; Lokstallarna"},"content":{"rendered":"<div>\n\n\t\t\t\t<div id=\"map_ol3js_1\" class=\"map undefined\" data-map_name=\"undefined\" data-map=\"map_ol3js_1\" style=\"width:95%; max-width:100%; height:500px; display:block; overflow:hidden;border:2px solid grey;\" >\n\t\t\t\t  <div id=\"map_ol3js_1_popup\" class=\"ol-popup\" >\n\t\t\t\t\t<a href=\"#\" id=\"map_ol3js_1_popup-closer\" class=\"ol-popup-closer\"><\/a>\n\t\t\t\t\t<div id=\"map_ol3js_1_popup-content\" ><\/div>\n\t\t\t\t  <\/div>\n\t\t\t\t<\/div>\n\t\t\t\n\n\t\t\t\t<script type=\"text\/javascript\">\n\t\t\t\t\ttranslations['openlayer'] = \"open layer\";\n\t\t\t\t\ttranslations['openlayerAtStartup'] = \"open layer at startup\";\n\t\t\t\t\ttranslations['generateLink'] = \"l\u00e4nk till denna karta med \u00f6ppna lager\";\n\t\t\t\t\ttranslations['shortDescription'] = \"kort beskrivning\";\n\t\t\t\t\ttranslations['generatedShortCode'] = \"f\u00f6r att f\u00e5 en textkontroll l\u00e4nk klistra in denna kod i din WordPress Editor\";\n\t\t\t\t\ttranslations['closeLayer'] = \"close layer\";\n\t\t\t\t\ttranslations['cantGenerateLink'] = \"put this string in the existing map short code to control this map\";\n\t\t\t  <\/script>\n\n\n\t\t\t  <script type=\"text\/javascript\">\n\t\t\t  vectorM['map_ol3js_1'] = [];\n\t        \n        var raster = getTileLayer(\"osm\",\"NoKey\");\t\t\t\n\n\t\t\t  var map_ol3js_1 = new ol.Map({\n\t\t\t\tinteractions: ol.interaction.defaults.defaults({mouseWheelZoom:false}),\n\t\t\t\tlayers: [raster],\n\t\t\t\ttarget: \"map_ol3js_1\",\n\t\t\t\tview: new ol.View({\n\t\t\t\t  center: ol.proj.transform([13.0403,55.6051], \"EPSG:4326\", \"EPSG:3857\"),\n\t\t\t\t  zoom: 16.3\n\t\t\t\t})\n\t\t\t  });\n\t\t\t  osm_addMarkerLayer(map_ol3js_1,13.0424,55.6054,\"https:\/\/solarxbike.se\/labbet\/zon4\/wp-content\/plugins\/osm\/icons\/mic_green_restaurant_02.png\",-16,-41,\"<p><\/p>\") ; \naddControls2Map(map_ol3js_1,0,0,3,0,5,6,7,0,1);\nosm_addPopupClickhandler(map_ol3js_1,  \"map_ol3js_1\"); \nosm_addMouseHover(map_ol3js_1); <\/script><\/div>\n<div><\/div>\n<div>\n<hr \/>\n<div id=\"ShortCode_Div\">\n\n\t\t\t\t<div id=\"map_ol3js_2\" class=\"map undefined\" data-map_name=\"undefined\" data-map=\"map_ol3js_2\" style=\"width:95%; max-width:100%; height:500px; display:block; overflow:hidden;border:2px solid grey; background-image: url(https:\/\/solarxbike.se\/labbet\/zon4\/wp-content\/plugins\/osm\/GDPR_bckgrnd.png); background-repeat: no-repeat; background-position: center; position: relative;\" >\n\t\t\t\t  <div id=\"map_ol3js_2_popup\" class=\"ol-popup\" >\n\t\t\t\t\t<a href=\"#\" id=\"map_ol3js_2_popup-closer\" class=\"ol-popup-closer\"><\/a>\n\t\t\t\t\t<div id=\"map_ol3js_2_popup-content\" ><\/div>\n\t\t\t\t  <\/div>\n\t\t\t\t<\/div>\n\t\t\t\n\n\t\t\t\t<script type=\"text\/javascript\">\n\t\t\t\t\ttranslations['openlayer'] = \"open layer\";\n\t\t\t\t\ttranslations['openlayerAtStartup'] = \"open layer at startup\";\n\t\t\t\t\ttranslations['generateLink'] = \"l\u00e4nk till denna karta med \u00f6ppna lager\";\n\t\t\t\t\ttranslations['shortDescription'] = \"kort beskrivning\";\n\t\t\t\t\ttranslations['generatedShortCode'] = \"f\u00f6r att f\u00e5 en textkontroll l\u00e4nk klistra in denna kod i din WordPress Editor\";\n\t\t\t\t\ttranslations['closeLayer'] = \"close layer\";\n\t\t\t\t\ttranslations['cantGenerateLink'] = \"put this string in the existing map short code to control this map\";\n\t\t\t  <\/script>\n\n\n\t\t\t  <script type=\"text\/javascript\">\n\t\t\t  vectorM['map_ol3js_2'] = [];\n\t        \n        var raster = getTileLayer(\"osm\",\"NoKey\");\t\t\t\n\n\t\t\t  var map_ol3js_2 = new ol.Map({\n\t\t\t\tinteractions: ol.interaction.defaults.defaults({mouseWheelZoom:false}),\n\t\t\t\tlayers: [raster],\n\t\t\t\ttarget: \"map_ol3js_2\",\n\t\t\t\tview: new ol.View({\n\t\t\t\t  center: ol.proj.transform([13.0354,55.5012], \"EPSG:4326\", \"EPSG:3857\"),\n\t\t\t\t  zoom: 8.0\n\t\t\t\t})\n\t\t\t  });\n\t\t\t  osm_addMarkerLayer(map_ol3js_2,13.0424,55.6054,\"https:\/\/solarxbike.se\/labbet\/zon4\/wp-content\/plugins\/osm\/icons\/mic_green_restaurant_02.png\",-16,-41,\"<p><\/p>\") ; \naddControls2Map(map_ol3js_2,0,0,3,0,5,6,7,0,1);\nosm_addPopupClickhandler(map_ol3js_2,  \"map_ol3js_2\"); \nosm_addMouseHover(map_ol3js_2); <\/script><\/div>\n<div><\/div>\n<\/div>\n","protected":false},"excerpt":{"rendered":"","protected":false},"author":1,"featured_media":0,"parent":0,"menu_order":0,"comment_status":"closed","ping_status":"open","template":"","meta":{"footnotes":""},"class_list":["post-2","page","type-page","status-publish"],"_links":{"self":[{"href":"https:\/\/solarxbike.se\/labbet\/zon4\/wp-json\/wp\/v2\/pages\/2","targetHints":{"allow":["GET"]}}],"collection":[{"href":"https:\/\/solarxbike.se\/labbet\/zon4\/wp-json\/wp\/v2\/pages"}],"about":[{"href":"https:\/\/solarxbike.se\/labbet\/zon4\/wp-json\/wp\/v2\/types\/page"}],"author":[{"embeddable":true,"href":"https:\/\/solarxbike.se\/labbet\/zon4\/wp-json\/wp\/v2\/users\/1"}],"replies":[{"embeddable":true,"href":"https:\/\/solarxbike.se\/labbet\/zon4\/wp-json\/wp\/v2\/comments?post=2"}],"version-history":[{"count":7,"href":"https:\/\/solarxbike.se\/labbet\/zon4\/wp-json\/wp\/v2\/pages\/2\/revisions"}],"predecessor-version":[{"id":167,"href":"https:\/\/solarxbike.se\/labbet\/zon4\/wp-json\/wp\/v2\/pages\/2\/revisions\/167"}],"wp:attachment":[{"href":"https:\/\/solarxbike.se\/labbet\/zon4\/wp-json\/wp\/v2\/media?parent=2"}],"curies":[{"name":"wp","href":"https:\/\/api.w.org\/{rel}","templated":true}]}}